{"id":24,"date":"2025-10-14T02:44:02","date_gmt":"2025-10-14T02:44:02","guid":{"rendered":"https:\/\/test1.vivabeta.com\/?page_id=24"},"modified":"2025-10-14T02:44:03","modified_gmt":"2025-10-14T02:44:03","slug":"que-es-la-ingenieria-de-prompts","status":"publish","type":"page","link":"https:\/\/test1.vivabeta.com\/index.php\/inteligencia-artificial-para-marketing\/los-prompt\/que-es-la-ingenieria-de-prompts\/","title":{"rendered":"Que es la Ingenier\u00eda de Prompts"},"content":{"rendered":"\n<p>La ingenier\u00eda de prompt es el arte de dise\u00f1ar y formular preguntas o<br>instrucciones para obtener respuestas espec\u00edficas y \u00fatiles de una<\/p>\n\n\n\n<p>inteligencia artificial. Piensa en ello como la manera de hablarle a la<br>inteligencia artificial para que entienda exactamente lo que necesitas y<br>pueda generar la mejor respuesta posible.<br>Cuando interact\u00faas con un modelo de lenguaje, una aplicaci\u00f3n de<br>inteligencia artificial generativa, el &#8220;prompt&#8221; es la pregunta o instrucci\u00f3n<br>que le das. La ingenier\u00eda de prompt se trata de encontrar la forma m\u00e1s<br>clara y efectiva de hacer esa pregunta o dar esa instrucci\u00f3n para obtener<br>la mejor respuesta de la inteligencia artificial.<\/p>\n","protected":false},"excerpt":{"rendered":"<p>La ingenier\u00eda de prompt es el arte de dise\u00f1ar y formular preguntas oinstrucciones para obtener respuestas espec\u00edficas y \u00fatiles de una inteligencia artificial. Piensa en ello como la manera de hablarle a lainteligencia artificial para que entienda exactamente lo que necesitas ypueda generar la mejor respuesta posible.Cuando interact\u00faas con un modelo de lenguaje, una aplicaci\u00f3n&hellip;&nbsp;<a href=\"https:\/\/test1.vivabeta.com\/index.php\/inteligencia-artificial-para-marketing\/los-prompt\/que-es-la-ingenieria-de-prompts\/\" rel=\"bookmark\"><span class=\"screen-reader-text\">Que es la Ingenier\u00eda de Prompts<\/span><\/a><\/p>\n","protected":false},"author":1,"featured_media":0,"parent":22,"menu_order":0,"comment_status":"closed","ping_status":"closed","template":"","meta":{"_eb_attr":"","neve_meta_sidebar":"","neve_meta_container":"","neve_meta_enable_content_width":"","neve_meta_content_width":0,"neve_meta_title_alignment":"","neve_meta_author_avatar":"","neve_post_elements_order":"","neve_meta_disable_header":"","neve_meta_disable_footer":"","neve_meta_disable_title":"","footnotes":""},"class_list":["post-24","page","type-page","status-publish","hentry"],"yoast_head":"<!-- This site is optimized with the Yoast SEO plugin v26.3 - https:\/\/yoast.com\/wordpress\/plugins\/seo\/ -->\n<title>Que es la Ingenier\u00eda de Prompts - Test 1<\/title>\n<meta name=\"robots\" content=\"index, follow, max-snippet:-1, max-image-preview:large, max-video-preview:-1\" \/>\n<link rel=\"canonical\" href=\"https:\/\/test1.vivabeta.com\/index.php\/inteligencia-artificial-para-marketing\/los-prompt\/que-es-la-ingenieria-de-prompts\/\" \/>\n<meta property=\"og:locale\" content=\"es_ES\" \/>\n<meta property=\"og:type\" content=\"article\" \/>\n<meta property=\"og:title\" content=\"Que es la Ingenier\u00eda de Prompts - Test 1\" \/>\n<meta property=\"og:description\" content=\"La ingenier\u00eda de prompt es el arte de dise\u00f1ar y formular preguntas oinstrucciones para obtener respuestas espec\u00edficas y \u00fatiles de una inteligencia artificial. Piensa en ello como la manera de hablarle a lainteligencia artificial para que entienda exactamente lo que necesitas ypueda generar la mejor respuesta posible.Cuando interact\u00faas con un modelo de lenguaje, una aplicaci\u00f3n&hellip;&nbsp;Que es la Ingenier\u00eda de Prompts\" \/>\n<meta property=\"og:url\" content=\"https:\/\/test1.vivabeta.com\/index.php\/inteligencia-artificial-para-marketing\/los-prompt\/que-es-la-ingenieria-de-prompts\/\" \/>\n<meta property=\"og:site_name\" content=\"Test 1\" \/>\n<meta property=\"article:modified_time\" content=\"2025-10-14T02:44:03+00:00\" \/>\n<meta name=\"twitter:card\" content=\"summary_large_image\" \/>\n<meta name=\"twitter:label1\" content=\"Est. reading time\" \/>\n\t<meta name=\"twitter:data1\" content=\"1 minuto\" \/>\n<script type=\"application\/ld+json\" class=\"yoast-schema-graph\">{\"@context\":\"https:\/\/schema.org\",\"@graph\":[{\"@type\":\"WebPage\",\"@id\":\"https:\/\/test1.vivabeta.com\/index.php\/inteligencia-artificial-para-marketing\/los-prompt\/que-es-la-ingenieria-de-prompts\/\",\"url\":\"https:\/\/test1.vivabeta.com\/index.php\/inteligencia-artificial-para-marketing\/los-prompt\/que-es-la-ingenieria-de-prompts\/\",\"name\":\"Que es la Ingenier\u00eda de Prompts - Test 1\",\"isPartOf\":{\"@id\":\"https:\/\/test1.vivabeta.com\/#website\"},\"datePublished\":\"2025-10-14T02:44:02+00:00\",\"dateModified\":\"2025-10-14T02:44:03+00:00\",\"breadcrumb\":{\"@id\":\"https:\/\/test1.vivabeta.com\/index.php\/inteligencia-artificial-para-marketing\/los-prompt\/que-es-la-ingenieria-de-prompts\/#breadcrumb\"},\"inLanguage\":\"es-CR\",\"potentialAction\":[{\"@type\":\"ReadAction\",\"target\":[\"https:\/\/test1.vivabeta.com\/index.php\/inteligencia-artificial-para-marketing\/los-prompt\/que-es-la-ingenieria-de-prompts\/\"]}]},{\"@type\":\"BreadcrumbList\",\"@id\":\"https:\/\/test1.vivabeta.com\/index.php\/inteligencia-artificial-para-marketing\/los-prompt\/que-es-la-ingenieria-de-prompts\/#breadcrumb\",\"itemListElement\":[{\"@type\":\"ListItem\",\"position\":1,\"name\":\"Portada\",\"item\":\"https:\/\/test1.vivabeta.com\/\"},{\"@type\":\"ListItem\",\"position\":2,\"name\":\"Inteligencia Artificial para Marketing\",\"item\":\"https:\/\/test1.vivabeta.com\/index.php\/inteligencia-artificial-para-marketing\/\"},{\"@type\":\"ListItem\",\"position\":3,\"name\":\"Los Prompt\",\"item\":\"https:\/\/test1.vivabeta.com\/index.php\/inteligencia-artificial-para-marketing\/los-prompt\/\"},{\"@type\":\"ListItem\",\"position\":4,\"name\":\"Que es la Ingenier\u00eda de Prompts\"}]},{\"@type\":\"WebSite\",\"@id\":\"https:\/\/test1.vivabeta.com\/#website\",\"url\":\"https:\/\/test1.vivabeta.com\/\",\"name\":\"Test 1\",\"description\":\"\",\"potentialAction\":[{\"@type\":\"SearchAction\",\"target\":{\"@type\":\"EntryPoint\",\"urlTemplate\":\"https:\/\/test1.vivabeta.com\/?s={search_term_string}\"},\"query-input\":{\"@type\":\"PropertyValueSpecification\",\"valueRequired\":true,\"valueName\":\"search_term_string\"}}],\"inLanguage\":\"es-CR\"}]}<\/script>\n<!-- \/ Yoast SEO plugin. -->","yoast_head_json":{"title":"Que es la Ingenier\u00eda de Prompts - Test 1","robots":{"index":"index","follow":"follow","max-snippet":"max-snippet:-1","max-image-preview":"max-image-preview:large","max-video-preview":"max-video-preview:-1"},"canonical":"https:\/\/test1.vivabeta.com\/index.php\/inteligencia-artificial-para-marketing\/los-prompt\/que-es-la-ingenieria-de-prompts\/","og_locale":"es_ES","og_type":"article","og_title":"Que es la Ingenier\u00eda de Prompts - Test 1","og_description":"La ingenier\u00eda de prompt es el arte de dise\u00f1ar y formular preguntas oinstrucciones para obtener respuestas espec\u00edficas y \u00fatiles de una inteligencia artificial. Piensa en ello como la manera de hablarle a lainteligencia artificial para que entienda exactamente lo que necesitas ypueda generar la mejor respuesta posible.Cuando interact\u00faas con un modelo de lenguaje, una aplicaci\u00f3n&hellip;&nbsp;Que es la Ingenier\u00eda de Prompts","og_url":"https:\/\/test1.vivabeta.com\/index.php\/inteligencia-artificial-para-marketing\/los-prompt\/que-es-la-ingenieria-de-prompts\/","og_site_name":"Test 1","article_modified_time":"2025-10-14T02:44:03+00:00","twitter_card":"summary_large_image","twitter_misc":{"Est. reading time":"1 minuto"},"schema":{"@context":"https:\/\/schema.org","@graph":[{"@type":"WebPage","@id":"https:\/\/test1.vivabeta.com\/index.php\/inteligencia-artificial-para-marketing\/los-prompt\/que-es-la-ingenieria-de-prompts\/","url":"https:\/\/test1.vivabeta.com\/index.php\/inteligencia-artificial-para-marketing\/los-prompt\/que-es-la-ingenieria-de-prompts\/","name":"Que es la Ingenier\u00eda de Prompts - Test 1","isPartOf":{"@id":"https:\/\/test1.vivabeta.com\/#website"},"datePublished":"2025-10-14T02:44:02+00:00","dateModified":"2025-10-14T02:44:03+00:00","breadcrumb":{"@id":"https:\/\/test1.vivabeta.com\/index.php\/inteligencia-artificial-para-marketing\/los-prompt\/que-es-la-ingenieria-de-prompts\/#breadcrumb"},"inLanguage":"es-CR","potentialAction":[{"@type":"ReadAction","target":["https:\/\/test1.vivabeta.com\/index.php\/inteligencia-artificial-para-marketing\/los-prompt\/que-es-la-ingenieria-de-prompts\/"]}]},{"@type":"BreadcrumbList","@id":"https:\/\/test1.vivabeta.com\/index.php\/inteligencia-artificial-para-marketing\/los-prompt\/que-es-la-ingenieria-de-prompts\/#breadcrumb","itemListElement":[{"@type":"ListItem","position":1,"name":"Portada","item":"https:\/\/test1.vivabeta.com\/"},{"@type":"ListItem","position":2,"name":"Inteligencia Artificial para Marketing","item":"https:\/\/test1.vivabeta.com\/index.php\/inteligencia-artificial-para-marketing\/"},{"@type":"ListItem","position":3,"name":"Los Prompt","item":"https:\/\/test1.vivabeta.com\/index.php\/inteligencia-artificial-para-marketing\/los-prompt\/"},{"@type":"ListItem","position":4,"name":"Que es la Ingenier\u00eda de Prompts"}]},{"@type":"WebSite","@id":"https:\/\/test1.vivabeta.com\/#website","url":"https:\/\/test1.vivabeta.com\/","name":"Test 1","description":"","potentialAction":[{"@type":"SearchAction","target":{"@type":"EntryPoint","urlTemplate":"https:\/\/test1.vivabeta.com\/?s={search_term_string}"},"query-input":{"@type":"PropertyValueSpecification","valueRequired":true,"valueName":"search_term_string"}}],"inLanguage":"es-CR"}]}},"_links":{"self":[{"href":"https:\/\/test1.vivabeta.com\/index.php\/wp-json\/wp\/v2\/pages\/24","targetHints":{"allow":["GET"]}}],"collection":[{"href":"https:\/\/test1.vivabeta.com\/index.php\/wp-json\/wp\/v2\/pages"}],"about":[{"href":"https:\/\/test1.vivabeta.com\/index.php\/wp-json\/wp\/v2\/types\/page"}],"author":[{"embeddable":true,"href":"https:\/\/test1.vivabeta.com\/index.php\/wp-json\/wp\/v2\/users\/1"}],"replies":[{"embeddable":true,"href":"https:\/\/test1.vivabeta.com\/index.php\/wp-json\/wp\/v2\/comments?post=24"}],"version-history":[{"count":1,"href":"https:\/\/test1.vivabeta.com\/index.php\/wp-json\/wp\/v2\/pages\/24\/revisions"}],"predecessor-version":[{"id":25,"href":"https:\/\/test1.vivabeta.com\/index.php\/wp-json\/wp\/v2\/pages\/24\/revisions\/25"}],"up":[{"embeddable":true,"href":"https:\/\/test1.vivabeta.com\/index.php\/wp-json\/wp\/v2\/pages\/22"}],"wp:attachment":[{"href":"https:\/\/test1.vivabeta.com\/index.php\/wp-json\/wp\/v2\/media?parent=24"}],"curies":[{"name":"wp","href":"https:\/\/api.w.org\/{rel}","templated":true}]}}